{"id":223,"date":"2021-04-27T17:33:04","date_gmt":"2021-04-27T17:33:04","guid":{"rendered":"https:\/\/cofoemsa.com.mx\/wp\/?page_id=223"},"modified":"2021-07-20T14:18:08","modified_gmt":"2021-07-20T14:18:08","slug":"clientes","status":"publish","type":"page","link":"https:\/\/mabasu.com\/version\/clientes\/","title":{"rendered":"Clientes"},"content":{"rendered":"\n<p><strong>A nuestros Clientes:<\/strong><br>Primera mente les damos un cordial saludo. Les agradecemos la confianza que nos brindan, por eso ponemos a su disposici\u00f3n nuestros catalogos.<\/p>\n\n\n\n<p>Si quieres cotizar y realizar tus pedidos en linea, mandanos un correo a:<br>pedidosmabasu@hotmail.com \u00f3 mabasu@prodigy.net.mx<\/p>\n\n\n\n<figure class=\"wp-block-table is-style-stripes\"><table><tbody><tr><td class=\"has-text-align-left\" data-align=\"left\"><strong>Rese\u00f1a de Marca<\/strong>: <strong>Gates<\/strong><\/td><\/tr><tr><td class=\"has-text-align-left\" data-align=\"left\">Bandas automotrices, industriales, transportadoras, de tiempo, micro V, etc. Mangueras para radiador rectas y moldeadas, para gasolina, diesel, aceite, aire, para turbo descarga de materiales a granel, termostatos uso ligero y pesado, tapones de gasolina, radiador, poleas y tensores para bandas, mangueras de baja, media, alta y extrema presi\u00f3n, conexiones de acero, lat\u00f3n, reusables y prensado, filtros, secadores de aire, reguladores.<\/td><\/tr><\/tbody><\/table><\/figure>\n\n\n\n<figure class=\"wp-block-table is-style-stripes\"><table><tbody><tr><td class=\"has-text-align-left\" data-align=\"left\"><strong>Rese\u00f1a de Marca: Gabriel<\/strong><\/td><\/tr><tr><td class=\"has-text-align-left\" data-align=\"left\">Bolsa de aire servicio pesado y amortiguadores.<\/td><\/tr><\/tbody><\/table><\/figure>\n\n\n\n<figure class=\"wp-block-table is-style-stripes\"><table><tbody><tr><td class=\"has-text-align-left\" data-align=\"left\"><strong>Rese\u00f1a de Marca: Bendix<\/strong><\/td><\/tr><tr><td class=\"has-text-align-left\" data-align=\"left\">V\u00e1lvulas relay, triples, descarga, retenci\u00f3n, de seguridad de pie, bulbos de baja presi\u00f3n, gobernadores de aire, matracas autom\u00e1ticas, v\u00e1lvulas de protecci\u00f3n al tractor etc.<\/td><\/tr><\/tbody><\/table><\/figure>\n\n\n\n<figure class=\"wp-block-table is-style-stripes\"><table><tbody><tr><td class=\"has-text-align-left\" data-align=\"left\"><strong>Rese\u00f1a de Marca: WIX<\/strong><\/td><\/tr><tr><td class=\"has-text-align-left\" data-align=\"left\">Filtros de aire, aceite, agua, etc. Filtros para la industria, servicio automotriz, servicio pesado, maquinaria agr\u00edcola y la construcci\u00f3n.<\/td><\/tr><\/tbody><\/table><\/figure>\n","protected":false},"excerpt":{"rendered":"<p>A nuestros Clientes:Primera mente les damos un cordial saludo. Les agradecemos la confianza que nos brindan, por eso ponemos a su disposici\u00f3n nuestros catalogos. Si quieres cotizar y realizar tus pedidos en linea, mandanos un correo a:pedidosmabasu@hotmail.com \u00f3 mabasu@prodigy.net.mx Rese\u00f1a <a href=\"https:\/\/mabasu.com\/version\/clientes\/\" class=\"read-more\">Leer m\u00e1s&#8230;<\/a><\/p>\n","protected":false},"author":1,"featured_media":0,"parent":0,"menu_order":0,"comment_status":"closed","ping_status":"closed","template":"","meta":{"footnotes":""},"class_list":["post-223","page","type-page","status-publish","hentry"],"_links":{"self":[{"href":"https:\/\/mabasu.com\/version\/wp-json\/wp\/v2\/pages\/223","targetHints":{"allow":["GET"]}}],"collection":[{"href":"https:\/\/mabasu.com\/version\/wp-json\/wp\/v2\/pages"}],"about":[{"href":"https:\/\/mabasu.com\/version\/wp-json\/wp\/v2\/types\/page"}],"author":[{"embeddable":true,"href":"https:\/\/mabasu.com\/version\/wp-json\/wp\/v2\/users\/1"}],"replies":[{"embeddable":true,"href":"https:\/\/mabasu.com\/version\/wp-json\/wp\/v2\/comments?post=223"}],"version-history":[{"count":3,"href":"https:\/\/mabasu.com\/version\/wp-json\/wp\/v2\/pages\/223\/revisions"}],"predecessor-version":[{"id":338,"href":"https:\/\/mabasu.com\/version\/wp-json\/wp\/v2\/pages\/223\/revisions\/338"}],"wp:attachment":[{"href":"https:\/\/mabasu.com\/version\/wp-json\/wp\/v2\/media?parent=223"}],"curies":[{"name":"wp","href":"https:\/\/api.w.org\/{rel}","templated":true}]}}