{"id":224,"date":"2021-04-27T17:33:04","date_gmt":"2021-04-27T17:33:04","guid":{"rendered":"https:\/\/cofoemsa.com.mx\/wp\/?page_id=224"},"modified":"2021-07-10T14:41:54","modified_gmt":"2021-07-10T14:41:54","slug":"aviso-de-privacidad","status":"publish","type":"page","link":"https:\/\/mabasu.com\/version\/aviso-de-privacidad\/","title":{"rendered":"Aviso de Privacidad"},"content":{"rendered":"\n<p><strong>Mangueras y Bandas del Sureste, S.A. de C.V.<\/strong>, con domicilio en Av. 5 # 2115-A, C\u00f3rdoba, Ver, con tel\u00e9fono 01 (271) 71 40 470 y p\u00e1gina electr\u00f3nica www.mabasu.com, como la responsable de recabar sus datos personales, as\u00ed como de su uso y protecci\u00f3n, y en estricto cumplimiento con lo dispuesto por la Ley Federal de Protecci\u00f3n de Datos Personales en Posesi\u00f3n de los Particulares, su Reglamento y los Lineamientos del Aviso de Privacidad publicados por la Secretar\u00eda de Econom\u00eda, hace de su conocimiento lo siguiente:<\/p>\n\n\n\n<p>I. Datos personales que ser\u00e1n recabados, utilizados, almacenados y resguardados:<br>(I) Encargado, (II) Domicilio completo, (III) N\u00famero de tel\u00e9fono, (IV) Correo electr\u00f3nico, (V) Clave del Registro Federal de Contribuyentes (RFC), (VI) Domicilio fiscal.<\/p>\n\n\n\n<p>II. Finalidad del tratamiento de sus datos.<br>(I) Emitir cotizaciones y facturas, (II) Venta de refacciones, (III) Realizar llamadas para informar sobre el estatus de pedidos, (IV) Realizar gestiones de cobro, (V) Hacer v\u00e1lida la garant\u00eda de las partes, refacciones o accesorios, (VI) Mantener actualizados nuestros registros con la finalidad de atender sus peticiones o consultas.<br>Revocaci\u00f3n del consentimiento.<br>En caso de que usted quiera revocar su consentimiento para el tratamiento de sus datos personales por considerar que alguna de las finalidades antes descritas no son necesarias, podr\u00e1 hacerlo en cualquier momento enviado un correo electr\u00f3nico a mabasu@prodigy.net.mx o solicit\u00e1ndolo por escrito en el domicilio descrito en el numeral I.<br>La petici\u00f3n mediante la cual revoque su consentimiento para el tratamiento de sus datos personales deber\u00e1 indicar: 1. Nombre del titular y domicilio u otro medio para comunicarle la respuesta a su petici\u00f3n; por ejemplo: correo electr\u00f3nico; 2. Acreditar mediante documentos su identidad (por ejemplo: credencial de elector, pasaporte, otra identificaci\u00f3n oficial) o, en su caso, la de su representante legal (instrumento p\u00fablico o carta poder firmada ante dos testigos) Los originales deber\u00e1n presentarse para poder recibir la respuesta; 3. Finalidad sobre el tratamiento de sus datos que considera innecesaria. En un t\u00e9rmino m\u00e1ximo de 20 d\u00edas h\u00e1biles se atender\u00e1 a su petici\u00f3n siempre y cuando no lo impida una disposici\u00f3n legal relativa a los requisitos para otorgarle nuestros servicios y la respuesta le ser\u00e1 dada a conocer mediante el medio se\u00f1alado en su petici\u00f3n.<br>Opciones y medios para limitar el uso o divulgaci\u00f3n de los datos personales.<br>Derivado de la naturaleza de la relaci\u00f3n que origina el tratamiento de los datos personales, Mangueras y Bandas del Sureste, S.A. de C.V. no ha instrumentado medios para que usted pueda limitar el uso y divulgaci\u00f3n de sus datos personales distintos al ejercicio de los derechos ARCO o la revocaci\u00f3n del consentimiento.<\/p>\n\n\n\n<p>III. Derechos ARCO (Acceso, Rectificaci\u00f3n, Cancelaci\u00f3n y Oposici\u00f3n).<br>Se hace de su conocimiento que usted tiene en todo momento el derecho de acceder a sus datos personales que poseemos, as\u00ed como a rectificarlos cuando sean inexactos o requiera que sean actualizados, tambi\u00e9n podr\u00e1 instruirnos para cancelarlos cuando considere que resultan ser excesivos o innecesarios para las finalidades que justificaron su obtenci\u00f3n, o por la finalizaci\u00f3n de la relaci\u00f3n que la origin\u00f3, y a oponerse al tratamiento de los mismos para fines espec\u00edficos. Para el ejercicio de dichos derechos deber\u00e1 presentar una solicitud ante nuestra \u00e1rea responsable de la protecci\u00f3n de los datos personales a cargo de la Gerencia a trav\u00e9s del formulario disponible en la p\u00e1gina electr\u00f3nica www.mabasu.com o mediante escrito libre directamente en nuestras oficinas.<br>Su solicitud deber\u00e1 cumplir con los siguientes requisitos: 1. Proporcionar el nombre del titular y domicilio u otro medio para comunicarle la respuesta a su solicitud, por ejemplo: correo electr\u00f3nico; 2. Acreditar mediante documentos su identidad (por ejemplo: credencial de elector, pasaporte, otra identificaci\u00f3n oficial) o, en su caso, la de su representante legal (instrumento p\u00fablico o carta poder firmada ante dos testigos) Los originales deber\u00e1n presentarse para poder recibir la respuesta; 3. La descripci\u00f3n clara y precisa de los datos personales respecto de los que se busca ejercer alguno de los derechos ARCO; 4. Cualquier otro elemento o documento que facilite la localizaci\u00f3n de los datos personales, y 5. Si solicita rectificaci\u00f3n de sus datos personales, deber\u00e1 indicar las modificaciones a realizar y aportar la documentaci\u00f3n que sustente la petici\u00f3n. Su solicitud ser\u00e1 atendida en un t\u00e9rmino m\u00e1ximo de 20 d\u00edas h\u00e1biles, contados desde la fecha en que se recibi\u00f3 la misma, y la decisi\u00f3n se har\u00e1 de su conocimiento mediante la v\u00eda que usted se\u00f1ale en su solicitud. En caso de que su solicitud sea procedente, se har\u00e1 efectiva dentro de los 15 d\u00edas h\u00e1biles siguientes a la notificaci\u00f3n de la respuesta. Los plazos antes referidos podr\u00e1n ser ampliados una sola vez por un periodo igual, siempre y cuando lo justifiquen las circunstancias del caso espec\u00edfico. Si su solicitud fue en ejercicio del derecho de acceso, la informaci\u00f3n o los datos personales solicitados, se pondr\u00e1n a su disposici\u00f3n en las instalaciones de la empresa descritas en el numeral I, y en caso de requerirlo, previa identificaci\u00f3n se le entregar\u00e1 la informaci\u00f3n en copias simples. En caso de que su solicitud no proceda, se le notificar\u00e1n, en los plazos establecidos, los motivos de la negativa, acompa\u00f1ando, en su caso, las pruebas pertinentes.<\/p>\n\n\n\n<p>IV. Transferencia de sus datos personales:<br>Transferencia sin necesidad de Consentimiento: Se hace de su conocimiento que con fundamento en lo dispuesto por los art\u00edculos 36 y 37 de la Ley de la materia, sus datos pueden ser transferidos dentro y fuera de los Estados Unidos Mexicanos sin su consentimiento a: I. Autoridades y II. La finalidad de la transferencia ser\u00e1: Para el caso de transferencias o requerimientos por parte de alguna autoridad, los datos personales se pondr\u00e1n a disposici\u00f3n de \u00e9stas de acuerdo con lo que establezcan las normas aplicables.<\/p>\n\n\n\n<p>V. Modificaciones al aviso de privacidad.<br>Nos reservamos el derecho de efectuar en cualquier momento modificaciones o actualizaciones al presente aviso de privacidad, para la atenci\u00f3n a novedades legislativas, pol\u00edticas o procedimientos internos o nuevos requerimientos para la prestaci\u00f3n de nuestros servicios. Dichas modificaciones se har\u00e1n saber de manera oportuna mediante anuncios visibles en la empresa y en nuestra p\u00e1gina de Internet.<\/p>\n\n\n\n<p>VI. Quejas y Denuncias.<br>Si usted considera que su derecho de protecci\u00f3n de datos personales ha sido vulnerado por nuestras actuaciones o respuestas, podr\u00e1 interponer la queja o denuncia correspondiente ante el IFAI, para mayor informaci\u00f3n visite www.ifai.org.mx<\/p>\n","protected":false},"excerpt":{"rendered":"<p>Mangueras y Bandas del Sureste, S.A. de C.V., con domicilio en Av. 5 # 2115-A, C\u00f3rdoba, Ver, con tel\u00e9fono 01 (271) 71 40 470 y p\u00e1gina electr\u00f3nica www.mabasu.com, como la responsable de recabar sus datos personales, as\u00ed como de su <a href=\"https:\/\/mabasu.com\/version\/aviso-de-privacidad\/\" class=\"read-more\">Leer m\u00e1s&#8230;<\/a><\/p>\n","protected":false},"author":1,"featured_media":0,"parent":0,"menu_order":0,"comment_status":"closed","ping_status":"closed","template":"","meta":{"footnotes":""},"class_list":["post-224","page","type-page","status-publish","hentry"],"_links":{"self":[{"href":"https:\/\/mabasu.com\/version\/wp-json\/wp\/v2\/pages\/224","targetHints":{"allow":["GET"]}}],"collection":[{"href":"https:\/\/mabasu.com\/version\/wp-json\/wp\/v2\/pages"}],"about":[{"href":"https:\/\/mabasu.com\/version\/wp-json\/wp\/v2\/types\/page"}],"author":[{"embeddable":true,"href":"https:\/\/mabasu.com\/version\/wp-json\/wp\/v2\/users\/1"}],"replies":[{"embeddable":true,"href":"https:\/\/mabasu.com\/version\/wp-json\/wp\/v2\/comments?post=224"}],"version-history":[{"count":1,"href":"https:\/\/mabasu.com\/version\/wp-json\/wp\/v2\/pages\/224\/revisions"}],"predecessor-version":[{"id":297,"href":"https:\/\/mabasu.com\/version\/wp-json\/wp\/v2\/pages\/224\/revisions\/297"}],"wp:attachment":[{"href":"https:\/\/mabasu.com\/version\/wp-json\/wp\/v2\/media?parent=224"}],"curies":[{"name":"wp","href":"https:\/\/api.w.org\/{rel}","templated":true}]}}