{"id":30,"date":"2020-03-18T18:43:50","date_gmt":"2020-03-18T18:43:50","guid":{"rendered":"https:\/\/cofoemsa.com.mx\/wp\/?page_id=30"},"modified":"2021-07-15T21:34:52","modified_gmt":"2021-07-15T21:34:52","slug":"empresa","status":"publish","type":"page","link":"https:\/\/mabasu.com\/version\/empresa\/","title":{"rendered":"Empresa"},"content":{"rendered":"\n<figure class=\"wp-block-image size-large\"><img loading=\"lazy\" decoding=\"async\" width=\"1024\" height=\"418\" src=\"https:\/\/mabasu.com\/version\/wp-content\/uploads\/2021\/07\/empresa-1024x418.jpg\" alt=\"\" class=\"wp-image-275\" srcset=\"https:\/\/mabasu.com\/version\/wp-content\/uploads\/2021\/07\/empresa-1024x418.jpg 1024w, https:\/\/mabasu.com\/version\/wp-content\/uploads\/2021\/07\/empresa-300x122.jpg 300w, https:\/\/mabasu.com\/version\/wp-content\/uploads\/2021\/07\/empresa-768x314.jpg 768w, https:\/\/mabasu.com\/version\/wp-content\/uploads\/2021\/07\/empresa-1536x627.jpg 1536w, https:\/\/mabasu.com\/version\/wp-content\/uploads\/2021\/07\/empresa-360x147.jpg 360w, https:\/\/mabasu.com\/version\/wp-content\/uploads\/2021\/07\/empresa.jpg 1881w\" sizes=\"auto, (max-width: 1024px) 100vw, 1024px\" \/><\/figure>\n\n\n\n<p><\/p>\n\n\n\n<p> Somos una empresa fundada en el a\u00f1o 1985 , en nuestras instalaciones distribuimos todo tipo de productos automotrices e hidr\u00e1ulicos destinados a los m\u00e1s diversos y variados mercados como son, entre otros, los de construcci\u00f3n, agricultura , siderurgia, automotriz, transporte, petr\u00f3leo y alimentaci\u00f3n. Contamos con una fuerza de ventas que abarca todo el estado de Veracruz, Villahermosa y Oaxaca, representando las principales marcas de calidad mundial como lo son Gates, Gabriel, Wix, Bendix, entre otros. <\/p>\n\n\n\n<p><\/p>\n\n\n\n<p><strong>Nuestros Valores:<\/strong><\/p>\n\n\n\n<ul class=\"wp-block-list\"><li>Responsabilidad<\/li><li>Trabajo en Equipo<\/li><li>Honestidad<\/li><li>Atenci\u00f3n a nuestros Clientes  <\/li><\/ul>\n\n\n\n<p> <\/p>\n\n\n\n<p> <\/p>\n","protected":false},"excerpt":{"rendered":"<p>Somos una empresa fundada en el a\u00f1o 1985 , en nuestras instalaciones distribuimos todo tipo de productos automotrices e hidr\u00e1ulicos destinados a los m\u00e1s diversos y variados mercados como son, entre otros, los de construcci\u00f3n, agricultura , siderurgia, automotriz, transporte, <a href=\"https:\/\/mabasu.com\/version\/empresa\/\" class=\"read-more\">Leer m\u00e1s&#8230;<\/a><\/p>\n","protected":false},"author":1,"featured_media":0,"parent":0,"menu_order":0,"comment_status":"closed","ping_status":"closed","template":"","meta":{"footnotes":""},"class_list":["post-30","page","type-page","status-publish","hentry"],"_links":{"self":[{"href":"https:\/\/mabasu.com\/version\/wp-json\/wp\/v2\/pages\/30","targetHints":{"allow":["GET"]}}],"collection":[{"href":"https:\/\/mabasu.com\/version\/wp-json\/wp\/v2\/pages"}],"about":[{"href":"https:\/\/mabasu.com\/version\/wp-json\/wp\/v2\/types\/page"}],"author":[{"embeddable":true,"href":"https:\/\/mabasu.com\/version\/wp-json\/wp\/v2\/users\/1"}],"replies":[{"embeddable":true,"href":"https:\/\/mabasu.com\/version\/wp-json\/wp\/v2\/comments?post=30"}],"version-history":[{"count":6,"href":"https:\/\/mabasu.com\/version\/wp-json\/wp\/v2\/pages\/30\/revisions"}],"predecessor-version":[{"id":316,"href":"https:\/\/mabasu.com\/version\/wp-json\/wp\/v2\/pages\/30\/revisions\/316"}],"wp:attachment":[{"href":"https:\/\/mabasu.com\/version\/wp-json\/wp\/v2\/media?parent=30"}],"curies":[{"name":"wp","href":"https:\/\/api.w.org\/{rel}","templated":true}]}}