{"id":87,"date":"2020-03-17T23:29:48","date_gmt":"2020-03-17T23:29:48","guid":{"rendered":"https:\/\/cofoemsa.com.mx\/wp\/tienda\/"},"modified":"2021-07-16T15:29:56","modified_gmt":"2021-07-16T15:29:56","slug":"tienda","status":"publish","type":"page","link":"https:\/\/mabasu.com\/version\/tienda\/","title":{"rendered":"Productos"},"content":{"rendered":"\n<div class=\"wp-block-woocommerce-all-products wc-block-all-products\" data-attributes=\"{&quot;columns&quot;:3,&quot;rows&quot;:1,&quot;alignButtons&quot;:false,&quot;contentVisibility&quot;:{&quot;orderBy&quot;:true},&quot;orderby&quot;:&quot;date&quot;,&quot;layoutConfig&quot;:[[&quot;woocommerce\/product-image&quot;],[&quot;woocommerce\/product-title&quot;],[&quot;woocommerce\/product-price&quot;],[&quot;woocommerce\/product-rating&quot;],[&quot;woocommerce\/product-button&quot;]],&quot;isPreview&quot;:false}\"><\/div>\n\n\n\n<p>Nuestros Productos son de la mas alta calidad, ya que son de las mejores marcas del mercado. Contamos con una amplia gama, para poder darle un mejor servicio. Adem\u00e1s de contar con la realizaci\u00f3n de conexiones especiales, con una amplia experiencia.<\/p>\n\n\n\n<figure class=\"wp-block-table is-style-stripes\"><table><tbody><tr><td class=\"has-text-align-left\" data-align=\"left\"><strong>Nuestras Marcas<\/strong><\/td><\/tr><tr><td class=\"has-text-align-left\" data-align=\"left\"><strong><a href=\"https:\/\/www.mabasu.com\/arn.pdf\" data-type=\"URL\" data-id=\"https:\/\/www.mabasu.com\/arn.pdf\">ARN<\/a> \u2013 <a href=\"https:\/\/www.mabasu.com\/bal.pdf\" data-type=\"URL\" data-id=\"https:\/\/www.mabasu.com\/bal.pdf\">BAL<\/a> &#8211; <a href=\"https:\/\/www.mabasu.com\/bendix.pdf\" data-type=\"URL\" data-id=\"https:\/\/www.mabasu.com\/bendix.pdf\">BENDIX<\/a> \u2013 <a href=\"https:\/\/www.mabasu.com\/dana.pdf\" data-type=\"URL\" data-id=\"https:\/\/www.mabasu.com\/dana.pdf\">DANA<\/a> &#8211; <a href=\"https:\/\/www.mabasu.com\/enpa.pdf\" data-type=\"URL\" data-id=\"https:\/\/www.mabasu.com\/enpa.pdf\">ENPA<\/a> &#8211; <a href=\"https:\/\/www.mabasu.com\/ercko.pdf\" data-type=\"URL\" data-id=\"https:\/\/www.mabasu.com\/ercko.pdf\">ERCKO<\/a> &#8211; <a href=\"https:\/\/www.mabasu.com\/fav.pdf\" data-type=\"URL\" data-id=\"https:\/\/www.mabasu.com\/fav.pdf\">FAV<\/a> &#8211; GABRIEL &#8211; <a href=\"https:\/\/www.mabasu.com\/gitr.pdf\" data-type=\"URL\" data-id=\"https:\/\/www.mabasu.com\/gitr.pdf\">GITR<\/a> &#8211; IDEAL &#8211; <a href=\"https:\/\/www.mabasu.com\/ingar.pdf\" data-type=\"URL\" data-id=\"https:\/\/www.mabasu.com\/ingar.pdf\">INGAR<\/a> &#8211; <a href=\"https:\/\/www.mabasu.com\/jam.pdf\" data-type=\"URL\" data-id=\"https:\/\/www.mabasu.com\/jam.pdf\">JAM<\/a> &#8211; <a href=\"https:\/\/www.mabasu.com\/jos.pdf\" data-type=\"URL\" data-id=\"https:\/\/www.mabasu.com\/jos.pdf\">JOS<\/a> &#8211; <a href=\"https:\/\/www.mabasu.com\/lusac.pdf\" data-type=\"URL\" data-id=\"https:\/\/www.mabasu.com\/lusac.pdf\">LUSAC<\/a> &#8211;  HALDEX &#8211; <a href=\"https:\/\/www.mabasu.com\/mty.pdf\" data-type=\"URL\" data-id=\"https:\/\/www.mabasu.com\/mty.pdf\">MTY<\/a> &#8211; <a href=\"https:\/\/www.mabasu.com\/nacug.pdf\" data-type=\"URL\" data-id=\"https:\/\/www.mabasu.com\/nacug.pdf\">NACOBRE<\/a> &#8211; <a href=\"https:\/\/www.mabasu.com\/nad.pdf\" data-type=\"URL\" data-id=\"https:\/\/www.mabasu.com\/nad.pdf\">NAD<\/a> &#8211; <a href=\"https:\/\/www.mabasu.com\/phill.pdf\" data-type=\"URL\" data-id=\"https:\/\/www.mabasu.com\/phill.pdf\">PHILL<\/a> &#8211; <a href=\"https:\/\/www.mabasu.com\/poli.pdf\" data-type=\"URL\" data-id=\"https:\/\/www.mabasu.com\/poli.pdf\">POLI<\/a> &#8211; <a href=\"https:\/\/www.mabasu.com\/ptph.pdf\" data-type=\"URL\" data-id=\"https:\/\/www.mabasu.com\/ptph.pdf\">PTPH<\/a> &#8211; <a href=\"https:\/\/www.mabasu.com\/qtf.pdf\" data-type=\"URL\" data-id=\"https:\/\/www.mabasu.com\/qtf.pdf\">QTF<\/a> &#8211; ROSHFRANS &#8211; SEALCO \u2013 SPRAGUE &#8211; WIX &#8211;  TIMKEN &#8211; <a href=\"https:\/\/www.mabasu.com\/toolk.pdf\" data-type=\"URL\" data-id=\"https:\/\/www.mabasu.com\/toolk.pdf\">TOOLK<\/a> &#8211; <a href=\"https:\/\/www.mabasu.com\/usa.pdf\" data-type=\"URL\" data-id=\"https:\/\/www.mabasu.com\/usa.pdf\">U.S.A<\/a> &#8211; <a href=\"https:\/\/www.mabasu.com\/vdo.pdf\" data-type=\"URL\" data-id=\"https:\/\/www.mabasu.com\/vdo.pdf\">VDO<\/a> &#8211; <a href=\"https:\/\/www.mabasu.com\/vor.pdf\" data-type=\"URL\" data-id=\"https:\/\/www.mabasu.com\/vor.pdf\">VOR<\/a> &#8211; <a href=\"https:\/\/www.mabasu.com\/vr.pdf\" data-type=\"URL\" data-id=\"https:\/\/www.mabasu.com\/vr.pdf\">VR<\/a><\/strong><\/td><\/tr><\/tbody><\/table><\/figure>\n\n\n\n<figure class=\"wp-block-table is-style-stripes\"><table><tbody><tr><td class=\"has-text-align-left\" data-align=\"left\"><strong>Adaptaciones<\/strong><\/td><\/tr><tr><td class=\"has-text-align-left\" data-align=\"left\">Adaptamos cualquier tipo de manguera ,para aire acondicionado, direcci\u00f3n hidr\u00e1ulica, radiador, retroexcavadora. Contamos con adaptaciones con soldadura y hacemos conexiones especiales. Somos expertos en este tipo de trabajos.<\/td><\/tr><\/tbody><\/table><\/figure>\n\n\n\n<figure class=\"wp-block-table is-style-stripes\"><table><tbody><tr><td class=\"has-text-align-left\" data-align=\"left\"><strong>Tipos<\/strong><\/td><\/tr><tr><td class=\"has-text-align-left\" data-align=\"left\">Conexiones de Laton y Acero <br><br>Mangueras Baja, Media, Alta y Extrema Presi\u00f3n<br><br>Bandas Automotrices e Industriales<br><br>Abrazaderas sin fin y reforzadas<br><br>V\u00e1lvulas para Frenos de Aire<br><br>Rotochambergs, C\u00e1maras sencillas<br><br>Tuber\u00eda de Cobre y Fierro zincado<br><br>Mangueras para Agua, Aire, Gasolina y Aceite<\/td><\/tr><\/tbody><\/table><\/figure>\n","protected":false},"excerpt":{"rendered":"<p>Nuestros Productos son de la mas alta calidad, ya que son de las mejores marcas del mercado. Contamos con una amplia gama, para poder darle un mejor servicio. Adem\u00e1s de contar con la realizaci\u00f3n de conexiones especiales, con una amplia <a href=\"https:\/\/mabasu.com\/version\/tienda\/\" class=\"read-more\">Leer m\u00e1s&#8230;<\/a><\/p>\n","protected":false},"author":1,"featured_media":0,"parent":0,"menu_order":0,"comment_status":"closed","ping_status":"closed","template":"","meta":{"footnotes":""},"class_list":["post-87","page","type-page","status-publish","hentry"],"_links":{"self":[{"href":"https:\/\/mabasu.com\/version\/wp-json\/wp\/v2\/pages\/87","targetHints":{"allow":["GET"]}}],"collection":[{"href":"https:\/\/mabasu.com\/version\/wp-json\/wp\/v2\/pages"}],"about":[{"href":"https:\/\/mabasu.com\/version\/wp-json\/wp\/v2\/types\/page"}],"author":[{"embeddable":true,"href":"https:\/\/mabasu.com\/version\/wp-json\/wp\/v2\/users\/1"}],"replies":[{"embeddable":true,"href":"https:\/\/mabasu.com\/version\/wp-json\/wp\/v2\/comments?post=87"}],"version-history":[{"count":9,"href":"https:\/\/mabasu.com\/version\/wp-json\/wp\/v2\/pages\/87\/revisions"}],"predecessor-version":[{"id":332,"href":"https:\/\/mabasu.com\/version\/wp-json\/wp\/v2\/pages\/87\/revisions\/332"}],"wp:attachment":[{"href":"https:\/\/mabasu.com\/version\/wp-json\/wp\/v2\/media?parent=87"}],"curies":[{"name":"wp","href":"https:\/\/api.w.org\/{rel}","templated":true}]}}